{"id":169,"date":"2017-12-15T15:53:42","date_gmt":"2017-12-15T15:53:42","guid":{"rendered":"https:\/\/arpadsegit.hu\/?page_id=169"},"modified":"2019-06-10T15:20:24","modified_gmt":"2019-06-10T15:20:24","slug":"about-us","status":"publish","type":"page","link":"https:\/\/arpadsegit.hu\/index.php\/about-us\/","title":{"rendered":"About Us"},"content":{"rendered":"<p>[vc_row][vc_column icons_position=&#8221;left&#8221;][vc_empty_space height=&#8221;7px&#8221; alter_height=&#8221;none&#8221; hide_on_desktop=&#8221;&#8221; hide_on_notebook=&#8221;&#8221; hide_on_tablet=&#8221;&#8221; hide_on_mobile=&#8221;&#8221;]<div  id=\"sc_promo_61418627\" \r\n\tclass=\"sc_promo color_style_default sc_promo_default sc_promo_size_normal sc_promo_image_position_left\"><div class=\"sc_promo_image\" style=\"background-image:url(https:\/\/arpadsegit.hu\/wp-content\/uploads\/2017\/12\/img-1-copyright.jpg);width:46%;left: 0;\"><\/div><div class=\"sc_promo_text\" style=\"width: 54%;float: right;\">\r\n\t\t\t<div class=\"sc_promo_text_inner sc_content_width_54%\" style=\"\"><div class=\"sc_promo_content sc_item_content\"><div id=\"sc_title_697914628\"\n\t\tclass=\"sc_title color_style_default sc_title_default sc_align_left \"><h6 class=\"sc_item_subtitle sc_title_subtitle sc_align_left sc_item_title_style_default\">why choose us<\/h6><h3 class=\"sc_item_title sc_title_title sc_align_left sc_item_title_style_default\">Our Mission<\/h3><\/div><!-- \/.sc_title -->[vc_empty_space height=&#8221;1.5em&#8221; alter_height=&#8221;none&#8221; hide_on_desktop=&#8221;&#8221; hide_on_notebook=&#8221;&#8221; hide_on_tablet=&#8221;&#8221; hide_on_mobile=&#8221;&#8221;][vc_column_text]Ut enim ad minim veniam, quis nostrud exercitation ullamco laboris nisi ut aliquip ex ea commodo consequat. Duis aute irure dolor in reprehenderit in voluptate velit esse cillum dolore eu fugiat nulla pariatur.<\/p>\n<p>Excepteur sint occaecat cupidatat non proident, sunt in culpa qui officia deserunt mollit anim id est laborum. Sed ut perspiciatis unde omnis.[\/vc_column_text][vc_empty_space height=&#8221;0.5em&#8221; alter_height=&#8221;none&#8221; hide_on_desktop=&#8221;&#8221; hide_on_notebook=&#8221;&#8221; hide_on_tablet=&#8221;&#8221; hide_on_mobile=&#8221;&#8221;]<\/div><div class=\"sc_item_button sc_button_wrap sc_align_left\"><a href=\"\/gallery\/\" id=\"sc_button_789872486\" class=\"sc_button color_style_default sc_button_simple sc_item_button sc_item_button_simple sc_promo_button sc_button_size_normal sc_button_icon_left\"><span class=\"sc_button_text\"><span class=\"sc_button_title\">View More Information<\/span><\/span><!-- \/.sc_button_text --><\/a><!-- \/.sc_button --><\/div><!-- \/.sc_item_button --><\/div>\r\n\t\t<\/div><!-- \/.sc_promo_text --><\/div><!-- \/.sc_promo -->[\/vc_column][\/vc_row][vc_row][vc_column icons_position=&#8221;left&#8221;][vc_empty_space height=&#8221;4em&#8221; alter_height=&#8221;none&#8221; hide_on_desktop=&#8221;&#8221; hide_on_notebook=&#8221;&#8221; hide_on_tablet=&#8221;&#8221; hide_on_mobile=&#8221;&#8221;][vc_empty_space height=&#8221;3.3em&#8221; alter_height=&#8221;none&#8221; hide_on_desktop=&#8221;&#8221; hide_on_notebook=&#8221;&#8221; hide_on_tablet=&#8221;&#8221; hide_on_mobile=&#8221;1&#8243;]<div id=\"sc_skills_615650592\"\r\n\t\tclass=\"sc_skills sc_skills_counter\"\r\n\t\t\t\tdata-type=\"counter\"\r\n\t\t><div class=\"sc_skills_columns sc_item_columns trx_addons_columns_wrap columns_padding_bottom\"><div class=\"sc_skills_column trx_addons_column-1_4\"><div class=\"sc_skills_item_wrap\"><div class=\"sc_skills_item\"><div class=\"sc_skills_icon icon-man\"><\/div><div class=\"sc_skills_total\" data-start=\"0\" data-stop=\"5378\" data-step=\"80\" data-max=\"8000\" data-speed=\"26\" data-duration=\"1748\" data-ed=\"\">0<\/div><\/div><div class=\"sc_skills_item_title\">Users<\/div><\/div><\/div><div class=\"sc_skills_column trx_addons_column-1_4\"><div class=\"sc_skills_item_wrap\"><div class=\"sc_skills_item\"><div class=\"sc_skills_icon icon-play-button-2\"><\/div><div class=\"sc_skills_total\" data-start=\"0\" data-stop=\"721\" data-step=\"80\" data-max=\"8000\" data-speed=\"21\" data-duration=\"189\" data-ed=\"\">0<\/div><\/div><div class=\"sc_skills_item_title\">Vieos<\/div><\/div><\/div><div class=\"sc_skills_column trx_addons_column-1_4\"><div class=\"sc_skills_item_wrap\"><div class=\"sc_skills_item\"><div class=\"sc_skills_icon icon-like\"><\/div><div class=\"sc_skills_total\" data-start=\"0\" data-stop=\"9158\" data-step=\"80\" data-max=\"8000\" data-speed=\"12\" data-duration=\"1374\" data-ed=\"\">0<\/div><\/div><div class=\"sc_skills_item_title\">Likes<\/div><\/div><\/div><div class=\"sc_skills_column trx_addons_column-1_4\"><div class=\"sc_skills_item_wrap\"><div class=\"sc_skills_item\"><div class=\"sc_skills_icon icon-share-1\"><\/div><div class=\"sc_skills_total\" data-start=\"0\" data-stop=\"783\" data-step=\"80\" data-max=\"8000\" data-speed=\"35\" data-duration=\"343\" data-ed=\"\">0<\/div><\/div><div class=\"sc_skills_item_title\">Shares<\/div><\/div><\/div><\/div><\/div>[vc_empty_space height=&#8221;4em&#8221; alter_height=&#8221;none&#8221; hide_on_desktop=&#8221;&#8221; hide_on_notebook=&#8221;&#8221; hide_on_tablet=&#8221;&#8221; hide_on_mobile=&#8221;&#8221;][vc_empty_space height=&#8221;1.1em&#8221; alter_height=&#8221;none&#8221; hide_on_desktop=&#8221;&#8221; hide_on_notebook=&#8221;&#8221; hide_on_tablet=&#8221;&#8221; hide_on_mobile=&#8221;1&#8243;][\/vc_column][\/vc_row][vc_row full_width=&#8221;stretch_row&#8221; equal_height=&#8221;yes&#8221; hide_bg_image_on_tablet=&#8221;&#8221; hide_bg_image_on_mobile=&#8221;&#8221; css=&#8221;.vc_custom_1513269238543{background-color: #e0011a !important;}&#8221;][vc_column icons_position=&#8221;left&#8221;][vc_empty_space height=&#8221;4.5em&#8221; alter_height=&#8221;none&#8221; hide_on_desktop=&#8221;&#8221; hide_on_notebook=&#8221;&#8221; hide_on_tablet=&#8221;&#8221; hide_on_mobile=&#8221;&#8221;][vc_empty_space height=&#8221;3em&#8221; alter_height=&#8221;none&#8221; hide_on_desktop=&#8221;&#8221; hide_on_notebook=&#8221;&#8221; hide_on_tablet=&#8221;&#8221; hide_on_mobile=&#8221;1&#8243;]<div  id=\"sc_testimonials_1964454052\"\t\tclass=\"sc_testimonials color_style_default scheme_dark sc_testimonials_default\"><div class=\"sc_testimonials_slider sc_item_slider slider_swiper_outer slider_outer slider_outer_nocontrols slider_outer_nopagination slider_outer_multi\">\r\n\t<div class=\"slider_container swiper-slider-container slider_swiper slider_noresize slider_nocontrols slider_nopagination slider_multi\" data-slides-per-view=\"3\" data-slides-space=\"30\" data-slides-min-width=\"290\" data-pagination=\"bullets\">\r\n\t\t<div class=\"slides slider-wrapper swiper-wrapper sc_item_columns_3\"><div class=\"slider-slide swiper-slide\"><div class=\"sc_testimonials_item\">\n\n\t<div class=\"sc_testimonials_item_author\">\n\t\t\t\t\t<div class=\"sc_testimonials_item_author_avatar\"><img loading=\"lazy\" decoding=\"async\" width=\"100\" height=\"100\" src=\"https:\/\/arpadsegit.hu\/wp-content\/uploads\/2018\/01\/860d7d9c193b47cc20d0877e28adc5cc_c5_100x100.jpeg\" class=\"attachment-filmax-thumb-tiny-extra size-filmax-thumb-tiny-extra wp-post-image\" alt=\"paradicsomf\" \/><\/div>\n\t\t\n\t\t<div class=\"sc_testimonials_item_content\"><p>\u201c \u00daristen, zsenialis! \ud83d\ude01 Szerintem ez Facebookon is nagyot menne a boomereknel. \ud83d\ude0f \u201d<\/p>\n<\/div>\n\n\t\t<div class=\"sc_testimonials_item_author_data\">\n\t\t\t<h4 class=\"sc_testimonials_item_author_title\">paradicsomf<\/h4>\n\t\t\t<div class=\"sc_testimonials_item_author_subtitle\">TikTok felhaszn\u00e1l\u00f3<\/div>\n\t\t<\/div>\n\t<\/div>\n<\/div>\n<\/div><div class=\"slider-slide swiper-slide\"><div class=\"sc_testimonials_item\">\n\n\t<div class=\"sc_testimonials_item_author\">\n\t\t\t\t\t<div class=\"sc_testimonials_item_author_avatar\"><img loading=\"lazy\" decoding=\"async\" width=\"100\" height=\"100\" src=\"https:\/\/arpadsegit.hu\/wp-content\/uploads\/2017\/12\/ac689950497304f2e9cfa427d8fe719b_c5_100x100.jpeg\" class=\"attachment-filmax-thumb-tiny-extra size-filmax-thumb-tiny-extra wp-post-image\" alt=\"Attila\" \/><\/div>\n\t\t\n\t\t<div class=\"sc_testimonials_item_content\"><p>\u201c Naj\u00f3&#8230;.. Mi\u00e9rt nem volt\u00e1l eddig n\u00e1lam a foryouban?! \ud83d\ude02 \u201d<\/p>\n<\/div>\n\n\t\t<div class=\"sc_testimonials_item_author_data\">\n\t\t\t<h4 class=\"sc_testimonials_item_author_title\">Attila<\/h4>\n\t\t\t<div class=\"sc_testimonials_item_author_subtitle\">TikTok felhaszn\u00e1l\u00f3<\/div>\n\t\t<\/div>\n\t<\/div>\n<\/div>\n<\/div><div class=\"slider-slide swiper-slide\"><div class=\"sc_testimonials_item\">\n\n\t<div class=\"sc_testimonials_item_author\">\n\t\t\t\t\t<div class=\"sc_testimonials_item_author_avatar\"><img loading=\"lazy\" decoding=\"async\" width=\"100\" height=\"100\" src=\"https:\/\/arpadsegit.hu\/wp-content\/uploads\/2017\/12\/1b7e2cde1e32c8d063bbf8522365822e_c5_100x100.jpeg\" class=\"attachment-filmax-thumb-tiny-extra size-filmax-thumb-tiny-extra wp-post-image\" alt=\"\ud83c\udf38 Ed\u00f3\ud83c\udf38\" \/><\/div>\n\t\t\n\t\t<div class=\"sc_testimonials_item_content\"><p>\u201c Ez \u00f3ri\u00e1si! \ud83d\ude02 Gratul\u00e1lok az alkot\u00f3nak\ud83d\ude05\u00a0\u201d<\/p>\n<\/div>\n\n\t\t<div class=\"sc_testimonials_item_author_data\">\n\t\t\t<h4 class=\"sc_testimonials_item_author_title\">\ud83c\udf38 Ed\u00f3\ud83c\udf38<\/h4>\n\t\t\t<div class=\"sc_testimonials_item_author_subtitle\">TikTok felhaszn\u00e1l\u00f3<\/div>\n\t\t<\/div>\n\t<\/div>\n<\/div>\n<\/div><div class=\"slider-slide swiper-slide\"><div class=\"sc_testimonials_item\">\n\n\t<div class=\"sc_testimonials_item_author\">\n\t\t\t\t\t<div class=\"sc_testimonials_item_author_avatar\"><img loading=\"lazy\" decoding=\"async\" width=\"100\" height=\"100\" src=\"https:\/\/arpadsegit.hu\/wp-content\/uploads\/2017\/12\/2b82e4f5bc33a80a266f24b338ca100e_c5_100x100.jpeg\" class=\"attachment-filmax-thumb-tiny-extra size-filmax-thumb-tiny-extra wp-post-image\" alt=\"Garamv\u00f6lgyi Attila\" \/><\/div>\n\t\t\n\t\t<div class=\"sc_testimonials_item_content\"><p>\u201c Az a baj hogy vannak akik kajak \u00edgy gondolkodnak XDDD \u201d<\/p>\n<\/div>\n\n\t\t<div class=\"sc_testimonials_item_author_data\">\n\t\t\t<h4 class=\"sc_testimonials_item_author_title\">Garamv\u00f6lgyi Attila<\/h4>\n\t\t\t<div class=\"sc_testimonials_item_author_subtitle\">TikTok felhaszn\u00e1l\u00f3<\/div>\n\t\t<\/div>\n\t<\/div>\n<\/div>\n<\/div><\/div><\/div><\/div><\/div><!-- \/.sc_testimonials -->[vc_empty_space height=&#8221;4em&#8221; alter_height=&#8221;none&#8221; hide_on_desktop=&#8221;&#8221; hide_on_notebook=&#8221;&#8221; hide_on_tablet=&#8221;&#8221; hide_on_mobile=&#8221;&#8221;][vc_empty_space height=&#8221;2em&#8221; alter_height=&#8221;none&#8221; hide_on_desktop=&#8221;&#8221; hide_on_notebook=&#8221;&#8221; hide_on_tablet=&#8221;&#8221; hide_on_mobile=&#8221;1&#8243;][\/vc_column][\/vc_row][vc_row][vc_column icons_position=&#8221;left&#8221;][vc_empty_space height=&#8221;4.5em&#8221; alter_height=&#8221;none&#8221; hide_on_desktop=&#8221;&#8221; hide_on_notebook=&#8221;&#8221; hide_on_tablet=&#8221;&#8221; hide_on_mobile=&#8221;&#8221;][vc_empty_space height=&#8221;3em&#8221; alter_height=&#8221;none&#8221; hide_on_desktop=&#8221;&#8221; hide_on_notebook=&#8221;&#8221; hide_on_tablet=&#8221;&#8221; hide_on_mobile=&#8221;1&#8243;]<div id=\"sc_title_497983629\"\n\t\tclass=\"sc_title color_style_default sc_title_default sc_align_left \"><h3 class=\"sc_item_title sc_title_title sc_align_left sc_item_title_style_default\">Latest News<\/h3><div class=\"sc_item_descr sc_title_descr sc_align_left\"><p>Stay tuned for all the latest entertainment news and TV premiers<\/p>\n<\/div><\/div><!-- \/.sc_title -->[vc_empty_space height=&#8221;2.65em&#8221; alter_height=&#8221;none&#8221; hide_on_desktop=&#8221;&#8221; hide_on_notebook=&#8221;&#8221; hide_on_tablet=&#8221;&#8221; hide_on_mobile=&#8221;&#8221;]<div id=\"widget_recent_news_933559707\" class=\"sc_recent_news sc_recent_news_style_news-announce sc_recent_news_with_accented\"><article \n\tclass=\"post_item post_layout_news-announce post_format_standard post_size_big post-664 post type-post status-publish format-standard has-post-thumbnail hentry category-humor category-kedvencek category-politika\"\t\t>\n\n\t<div class=\"post_featured with_thumb hover_simple post_featured_bg filmax_inline_295549208\"><div class=\"mask\"><\/div><a href=\"https:\/\/arpadsegit.hu\/index.php\/2022\/09\/19\/18-az-illiberalis-szellem-vasutja\/\" aria-hidden=\"true\" class=\"simple\"><\/a><div class=\"post_info\"><span class=\"post_categories\"><a href=\"https:\/\/arpadsegit.hu\/index.php\/category\/humor\/\" title=\"View all posts in Humor\">Humor<\/a>, <a href=\"https:\/\/arpadsegit.hu\/index.php\/category\/kedvencek\/\" title=\"View all posts in Kedvencek\">Kedvencek<\/a>, <a href=\"https:\/\/arpadsegit.hu\/index.php\/category\/politika\/\" title=\"View all posts in Politika\">Politika<\/a><\/span><h5 class=\"post_title entry-title\"><a href=\"https:\/\/arpadsegit.hu\/index.php\/2022\/09\/19\/18-az-illiberalis-szellem-vasutja\/\" rel=\"bookmark\">#18 &#8211; Az illiber\u00e1lis szellem vas\u00fatja<\/a><\/h5><div class=\"post_meta\">\t\t\t\t\t\t<span class=\"post_meta_item post_date\"><a href=\"https:\/\/arpadsegit.hu\/index.php\/2022\/09\/19\/18-az-illiberalis-szellem-vasutja\/\">szeptember 19, 2022<\/a><\/span>\n\t\t\t\t\t\t <a href=\"https:\/\/arpadsegit.hu\/index.php\/2022\/09\/19\/18-az-illiberalis-szellem-vasutja\/#respond\" class=\"post_meta_item post_counters_item post_counters_comments trx_addons_icon-comment\"><span class=\"post_counters_number\">0<\/span><span class=\"post_counters_label\">Comments<\/span><\/a>  <a href=\"#\" class=\"post_meta_item post_counters_item post_counters_likes trx_addons_icon-heart-empty enabled\" title=\"Like\" data-postid=\"664\" data-likes=\"0\" data-title-like=\"Like\"\tdata-title-dislike=\"Dislike\"><span class=\"post_counters_number\">0<\/span><span class=\"post_counters_label\">Likes<\/span><\/a> <\/div><!-- .post_meta --><\/div><\/div><\/article><article \n\tclass=\"post_item post_layout_news-announce post_format_standard post_size_small post-704 post type-post status-publish format-standard has-post-thumbnail hentry category-humor category-kedvencek category-politika\"\t\t>\n\n\t<div class=\"post_featured with_thumb hover_simple post_featured_bg filmax_inline_517697900\"><div class=\"mask\"><\/div><a href=\"https:\/\/arpadsegit.hu\/index.php\/2022\/08\/17\/15-elore-nem-hatra\/\" aria-hidden=\"true\" class=\"simple\"><\/a><div class=\"post_info\"><span class=\"post_categories\"><a href=\"https:\/\/arpadsegit.hu\/index.php\/category\/humor\/\" title=\"View all posts in Humor\">Humor<\/a>, <a href=\"https:\/\/arpadsegit.hu\/index.php\/category\/kedvencek\/\" title=\"View all posts in Kedvencek\">Kedvencek<\/a>, <a href=\"https:\/\/arpadsegit.hu\/index.php\/category\/politika\/\" title=\"View all posts in Politika\">Politika<\/a><\/span><h5 class=\"post_title entry-title\"><a href=\"https:\/\/arpadsegit.hu\/index.php\/2022\/08\/17\/15-elore-nem-hatra\/\" rel=\"bookmark\">#15 &#8211; El\u0151re, nem h\u00e1tra!<\/a><\/h5><div class=\"post_meta\">\t\t\t\t\t\t<span class=\"post_meta_item post_date\"><a href=\"https:\/\/arpadsegit.hu\/index.php\/2022\/08\/17\/15-elore-nem-hatra\/\">augusztus 17, 2022<\/a><\/span>\n\t\t\t\t\t\t <a href=\"https:\/\/arpadsegit.hu\/index.php\/2022\/08\/17\/15-elore-nem-hatra\/#respond\" class=\"post_meta_item post_counters_item post_counters_comments trx_addons_icon-comment\"><span class=\"post_counters_number\">0<\/span><span class=\"post_counters_label\">Comments<\/span><\/a>  <a href=\"#\" class=\"post_meta_item post_counters_item post_counters_likes trx_addons_icon-heart-empty enabled\" title=\"Like\" data-postid=\"704\" data-likes=\"0\" data-title-like=\"Like\"\tdata-title-dislike=\"Dislike\"><span class=\"post_counters_number\">0<\/span><span class=\"post_counters_label\">Likes<\/span><\/a> <\/div><!-- .post_meta --><\/div><\/div><\/article><article \n\tclass=\"post_item post_layout_news-announce post_format_standard post_size_small post-793 post type-post status-publish format-standard has-post-thumbnail hentry category-humor category-kedvencek category-politika\"\t\t>\n\n\t<div class=\"post_featured with_thumb hover_simple post_featured_bg filmax_inline_732450311\"><div class=\"mask\"><\/div><a href=\"https:\/\/arpadsegit.hu\/index.php\/2022\/08\/14\/14-urbirodalom\/\" aria-hidden=\"true\" class=\"simple\"><\/a><div class=\"post_info\"><span class=\"post_categories\"><a href=\"https:\/\/arpadsegit.hu\/index.php\/category\/humor\/\" title=\"View all posts in Humor\">Humor<\/a>, <a href=\"https:\/\/arpadsegit.hu\/index.php\/category\/kedvencek\/\" title=\"View all posts in Kedvencek\">Kedvencek<\/a>, <a href=\"https:\/\/arpadsegit.hu\/index.php\/category\/politika\/\" title=\"View all posts in Politika\">Politika<\/a><\/span><h5 class=\"post_title entry-title\"><a href=\"https:\/\/arpadsegit.hu\/index.php\/2022\/08\/14\/14-urbirodalom\/\" rel=\"bookmark\">#14 &#8211; \u0170rbirodalom<\/a><\/h5><div class=\"post_meta\">\t\t\t\t\t\t<span class=\"post_meta_item post_date\"><a href=\"https:\/\/arpadsegit.hu\/index.php\/2022\/08\/14\/14-urbirodalom\/\">augusztus 14, 2022<\/a><\/span>\n\t\t\t\t\t\t <a href=\"https:\/\/arpadsegit.hu\/index.php\/2022\/08\/14\/14-urbirodalom\/#respond\" class=\"post_meta_item post_counters_item post_counters_comments trx_addons_icon-comment\"><span class=\"post_counters_number\">0<\/span><span class=\"post_counters_label\">Comments<\/span><\/a>  <a href=\"#\" class=\"post_meta_item post_counters_item post_counters_likes trx_addons_icon-heart-empty enabled\" title=\"Like\" data-postid=\"793\" data-likes=\"0\" data-title-like=\"Like\"\tdata-title-dislike=\"Dislike\"><span class=\"post_counters_number\">0<\/span><span class=\"post_counters_label\">Likes<\/span><\/a> <\/div><!-- .post_meta --><\/div><\/div><\/article><article \n\tclass=\"post_item post_layout_news-announce post_format_standard post_size_medium post-850 post type-post status-publish format-standard has-post-thumbnail hentry category-humor category-kedvencek category-politika\"\t\t>\n\n\t<div class=\"post_featured with_thumb hover_simple post_featured_bg filmax_inline_68825983\"><div class=\"mask\"><\/div><a href=\"https:\/\/arpadsegit.hu\/index.php\/2022\/07\/19\/12-rezsicsokkentes\/\" aria-hidden=\"true\" class=\"simple\"><\/a><div class=\"post_info\"><span class=\"post_categories\"><a href=\"https:\/\/arpadsegit.hu\/index.php\/category\/humor\/\" title=\"View all posts in Humor\">Humor<\/a>, <a href=\"https:\/\/arpadsegit.hu\/index.php\/category\/kedvencek\/\" title=\"View all posts in Kedvencek\">Kedvencek<\/a>, <a href=\"https:\/\/arpadsegit.hu\/index.php\/category\/politika\/\" title=\"View all posts in Politika\">Politika<\/a><\/span><h5 class=\"post_title entry-title\"><a href=\"https:\/\/arpadsegit.hu\/index.php\/2022\/07\/19\/12-rezsicsokkentes\/\" rel=\"bookmark\">#12 &#8211; Rezsics\u00f6kkent\u00e9s<\/a><\/h5><div class=\"post_meta\">\t\t\t\t\t\t<span class=\"post_meta_item post_date\"><a href=\"https:\/\/arpadsegit.hu\/index.php\/2022\/07\/19\/12-rezsicsokkentes\/\">j\u00falius 19, 2022<\/a><\/span>\n\t\t\t\t\t\t <a href=\"https:\/\/arpadsegit.hu\/index.php\/2022\/07\/19\/12-rezsicsokkentes\/#respond\" class=\"post_meta_item post_counters_item post_counters_comments trx_addons_icon-comment\"><span class=\"post_counters_number\">0<\/span><span class=\"post_counters_label\">Comments<\/span><\/a>  <a href=\"#\" class=\"post_meta_item post_counters_item post_counters_likes trx_addons_icon-heart-empty enabled\" title=\"Like\" data-postid=\"850\" data-likes=\"0\" data-title-like=\"Like\"\tdata-title-dislike=\"Dislike\"><span class=\"post_counters_number\">0<\/span><span class=\"post_counters_label\">Likes<\/span><\/a> <\/div><!-- .post_meta --><\/div><\/div><\/article><\/div><!-- \/.sc_recent_news -->[vc_empty_space height=&#8221;3.1em&#8221; alter_height=&#8221;none&#8221; hide_on_desktop=&#8221;&#8221; hide_on_notebook=&#8221;&#8221; hide_on_tablet=&#8221;&#8221; hide_on_mobile=&#8221;&#8221;]<div class=\"sc_item_button sc_button_wrap sc_align_center\"><a href=\"\/blog-chess-2-columns\/\" id=\"sc_button_1101920515\" class=\"sc_button color_style_default sc_button_default sc_button_size_normal sc_button_icon_left\"><span class=\"sc_button_text\"><span class=\"sc_button_title\">browse more news<\/span><\/span><!-- \/.sc_button_text --><\/a><!-- \/.sc_button --><\/div><!-- \/.sc_item_button -->[\/vc_column][\/vc_row]<\/p>\n","protected":false},"excerpt":{"rendered":"<p>[vc_row][vc_column icons_position=&#8221;left&#8221;][vc_empty_space height=&#8221;7px&#8221; alter_height=&#8221;none&#8221; hide_on_desktop=&#8221;&#8221; hide_on_notebook=&#8221;&#8221; hide_on_tablet=&#8221;&#8221; hide_on_mobile=&#8221;&#8221;][\/vc_column][\/vc_row][vc_row][vc_column icons_position=&#8221;left&#8221;][vc_empty_space height=&#8221;4em&#8221; alter_height=&#8221;none&#8221; hide_on_desktop=&#8221;&#8221; hide_on_notebook=&#8221;&#8221; hide_on_tablet=&#8221;&#8221; hide_on_mobile=&#8221;&#8221;][vc_empty_space&hellip;<\/p>\n","protected":false},"author":1,"featured_media":0,"parent":0,"menu_order":0,"comment_status":"closed","ping_status":"closed","template":"","meta":{"footnotes":""},"class_list":["post-169","page","type-page","status-publish","hentry"],"_links":{"self":[{"href":"https:\/\/arpadsegit.hu\/index.php\/wp-json\/wp\/v2\/pages\/169","targetHints":{"allow":["GET"]}}],"collection":[{"href":"https:\/\/arpadsegit.hu\/index.php\/wp-json\/wp\/v2\/pages"}],"about":[{"href":"https:\/\/arpadsegit.hu\/index.php\/wp-json\/wp\/v2\/types\/page"}],"author":[{"embeddable":true,"href":"https:\/\/arpadsegit.hu\/index.php\/wp-json\/wp\/v2\/users\/1"}],"replies":[{"embeddable":true,"href":"https:\/\/arpadsegit.hu\/index.php\/wp-json\/wp\/v2\/comments?post=169"}],"version-history":[{"count":0,"href":"https:\/\/arpadsegit.hu\/index.php\/wp-json\/wp\/v2\/pages\/169\/revisions"}],"wp:attachment":[{"href":"https:\/\/arpadsegit.hu\/index.php\/wp-json\/wp\/v2\/media?parent=169"}],"curies":[{"name":"wp","href":"https:\/\/api.w.org\/{rel}","templated":true}]}}